{"id":2651,"date":"2025-05-15T04:14:26","date_gmt":"2025-05-15T04:14:26","guid":{"rendered":"https:\/\/keokingsmen.com\/?page_id=2651"},"modified":"2025-07-07T02:39:34","modified_gmt":"2025-07-07T02:39:34","slug":"goi-y-mau-ron","status":"publish","type":"page","link":"https:\/\/keokingsmen.com\/en\/goi-y-mau-ron\/","title":{"rendered":"G\u1ee3i \u00fd m\u00e0u ron"},"content":{"rendered":"<p>Ho\u00e0n Thi\u1ec7n Kh\u00f4ng Gian \u0110\u1eb3ng C\u1ea5p<\/p>","protected":false},"excerpt":{"rendered":"<p>Ho\u00e0n Thi\u1ec7n Kh\u00f4ng Gian \u0110\u1eb3ng C\u1ea5p<\/p>","protected":false},"author":1,"featured_media":0,"parent":0,"menu_order":0,"comment_status":"closed","ping_status":"closed","template":"template-parts\/page-color-scheme.php","meta":{"_acf_changed":false,"inline_featured_image":false,"_kad_post_transparent":"default","_kad_post_title":"default","_kad_post_layout":"default","_kad_post_sidebar_id":"","_kad_post_content_style":"default","_kad_post_vertical_padding":"default","_kad_post_feature":"","_kad_post_feature_position":"","_kad_post_header":false,"_kad_post_footer":false,"_kad_post_classname":"","footnotes":""},"class_list":["post-2651","page","type-page","status-publish","hentry"],"acf":[],"_links":{"self":[{"href":"https:\/\/keokingsmen.com\/en\/wp-json\/wp\/v2\/pages\/2651","targetHints":{"allow":["GET"]}}],"collection":[{"href":"https:\/\/keokingsmen.com\/en\/wp-json\/wp\/v2\/pages"}],"about":[{"href":"https:\/\/keokingsmen.com\/en\/wp-json\/wp\/v2\/types\/page"}],"author":[{"embeddable":true,"href":"https:\/\/keokingsmen.com\/en\/wp-json\/wp\/v2\/users\/1"}],"replies":[{"embeddable":true,"href":"https:\/\/keokingsmen.com\/en\/wp-json\/wp\/v2\/comments?post=2651"}],"version-history":[{"count":24,"href":"https:\/\/keokingsmen.com\/en\/wp-json\/wp\/v2\/pages\/2651\/revisions"}],"predecessor-version":[{"id":2997,"href":"https:\/\/keokingsmen.com\/en\/wp-json\/wp\/v2\/pages\/2651\/revisions\/2997"}],"wp:attachment":[{"href":"https:\/\/keokingsmen.com\/en\/wp-json\/wp\/v2\/media?parent=2651"}],"curies":[{"name":"wp","href":"https:\/\/api.w.org\/{rel}","templated":true}]}}