{"id":2834,"date":"2025-06-10T06:48:30","date_gmt":"2025-06-10T06:48:30","guid":{"rendered":"https:\/\/keokingsmen.com\/?page_id=2834"},"modified":"2025-06-12T09:25:09","modified_gmt":"2025-06-12T09:25:09","slug":"du-toan-keo","status":"publish","type":"page","link":"https:\/\/keokingsmen.com\/en\/du-toan-keo\/","title":{"rendered":"K\u1ebft qu\u1ea3 d\u1ef1 to\u00e1n kh\u1ed1i l\u01b0\u1ee3ng keo"},"content":{"rendered":"<p>Kh\u00f4ng c\u00f3 m\u00e3 y\u00eau c\u1ea7u n\u00e0o \u0111\u01b0\u1ee3c cung c\u1ea5p.<\/p>","protected":false},"excerpt":{"rendered":"","protected":false},"author":1,"featured_media":0,"parent":0,"menu_order":0,"comment_status":"closed","ping_status":"closed","template":"template-parts\/page-dutoan-pdf-result.php","meta":{"_acf_changed":false,"inline_featured_image":false,"_kad_post_transparent":"default","_kad_post_title":"default","_kad_post_layout":"default","_kad_post_sidebar_id":"","_kad_post_content_style":"default","_kad_post_vertical_padding":"default","_kad_post_feature":"","_kad_post_feature_position":"","_kad_post_header":false,"_kad_post_footer":false,"_kad_post_classname":"","footnotes":""},"class_list":["post-2834","page","type-page","status-publish","hentry"],"acf":[],"_links":{"self":[{"href":"https:\/\/keokingsmen.com\/en\/wp-json\/wp\/v2\/pages\/2834","targetHints":{"allow":["GET"]}}],"collection":[{"href":"https:\/\/keokingsmen.com\/en\/wp-json\/wp\/v2\/pages"}],"about":[{"href":"https:\/\/keokingsmen.com\/en\/wp-json\/wp\/v2\/types\/page"}],"author":[{"embeddable":true,"href":"https:\/\/keokingsmen.com\/en\/wp-json\/wp\/v2\/users\/1"}],"replies":[{"embeddable":true,"href":"https:\/\/keokingsmen.com\/en\/wp-json\/wp\/v2\/comments?post=2834"}],"version-history":[{"count":2,"href":"https:\/\/keokingsmen.com\/en\/wp-json\/wp\/v2\/pages\/2834\/revisions"}],"predecessor-version":[{"id":2836,"href":"https:\/\/keokingsmen.com\/en\/wp-json\/wp\/v2\/pages\/2834\/revisions\/2836"}],"wp:attachment":[{"href":"https:\/\/keokingsmen.com\/en\/wp-json\/wp\/v2\/media?parent=2834"}],"curies":[{"name":"wp","href":"https:\/\/api.w.org\/{rel}","templated":true}]}}