{"id":3111,"date":"2025-11-11T05:25:01","date_gmt":"2025-11-11T05:25:01","guid":{"rendered":"https:\/\/keokingsmen.com\/?page_id=3111"},"modified":"2025-12-11T08:27:31","modified_gmt":"2025-12-11T08:27:31","slug":"dang-ky-bao-hanh","status":"publish","type":"page","link":"https:\/\/keokingsmen.com\/en\/dang-ky-bao-hanh\/","title":{"rendered":"\u0110\u0103ng k\u00fd b\u1ea3o h\u00e0nh"},"content":{"rendered":"<div class=\"cwp-guarantee-form-wrapper\">\n\t\t<div class=\"cwp-guarantee-form-content\">\n\t\t\t\t<h2 class=\"cwp-guarantee-form-title\" style=\"color: #00506b\">\n\t\t\t\u0110\u0103ng k\u00fd b\u1ea3o h\u00e0nh\t\t<\/h2>\n\t\t\t\t\t\t<p class=\"cwp-guarantee-form-description\" style=\"color: #6b6b6b\">\n\t\t\tN\u00e2ng cao s\u1ef1 h\u00e0i l\u00f2ng v\u00e0 \u0111\u1ea3m b\u1ea3o quy\u1ec1n l\u1ee3i c\u1ee7a Qu\u00fd kh\u00e1ch l\u00e0 \u01b0u ti\u00ean h\u00e0ng \u0111\u1ea7u c\u1ee7a Kingsmen trong ch\u00ednh s\u00e1ch b\u1ea3o h\u00e0nh.\t\t<\/p>\n\t\t\t\t\t\t<p class=\"cwp-guarantee-form-description\" style=\"color: #6b6b6b\">\n\t\t\t<a href=\"https:\/\/www.google.com\" target=\"_blank\" style=\"color: #6b6b6b\" data-policy-modal rel=\"noopener\">Xem ch\u00ednh s\u00e1ch b\u1ea3o h\u00e0nh<\/a>\n\t\t<\/p>\n\t\t\t\t<form class=\"cwp-guarantee-form\" id=\"cwp-guarantee-form\" method=\"post\" enctype=\"multipart\/form-data\" novalidate action=\"\">\n\n\t\t\t<input type=\"hidden\" id=\"cwp_guarantee_nonce\" name=\"cwp_guarantee_nonce\" value=\"db67f976dc\" \/><input type=\"hidden\" name=\"_wp_http_referer\" value=\"\/en\/wp-json\/wp\/v2\/pages\/3111\" \/>\t\t\t<input type=\"text\" name=\"cwp_guarantee_website\" id=\"cwp-guarantee-website\" class=\"cwp-aux-field\"\n\t\t\t\ttabindex=\"-1\" autocomplete=\"off\" aria-hidden=\"true\">\n\n\t\t\t\n\t\t\t<div class=\"form-fields\">\n\t\t\t\t<!-- Personal Information Section -->\n\t\t\t\t<div class=\"input-group\">\n\t\t\t\t\t<!-- Name Field -->\n\t\t\t\t\t<div class=\"input\">\n\t\t\t\t\t\t<label for=\"cwp-guarantee-name\">\n\t\t\t\t\t\t\tT\u00ean Qu\u00fd kh\u00e1ch*\t\t\t\t\t\t<\/label>\n\t\t\t\t\t\t<div class=\"input-field\">\n\t\t\t\t\t\t\t<input type=\"text\" id=\"cwp-guarantee-name\" name=\"cwp_guarantee_name\"\n\t\t\t\t\t\t\t\tplaceholder=\"Nh\u1eadp t\u00ean c\u1ee7a b\u1ea1n\" required>\n\t\t\t\t\t\t<\/div>\n\t\t\t\t\t<\/div>\n\n\t\t\t\t\t<!-- Phone Field (Vietnamese: +84) -->\n\t\t\t\t\t<div class=\"input\">\n\t\t\t\t\t\t<label for=\"cwp-guarantee-phone\">\n\t\t\t\t\t\t\tS\u1ed1 \u0111i\u1ec7n tho\u1ea1i*\t\t\t\t\t\t<\/label>\n\t\t\t\t\t\t<div class=\"input-field has-icon\">\n\t\t\t\t\t\t\t<div class=\"input-field-icon\">\n\t\t\t\t\t\t\t\t+84\t\t\t\t\t\t\t<\/div>\n\t\t\t\t\t\t\t<input type=\"tel\" id=\"cwp-guarantee-phone\" name=\"cwp_guarantee_phone\"\n\t\t\t\t\t\t\t\tplaceholder=\"Nh\u1eadp s\u1ed1 \u0111i\u1ec7n tho\u1ea1i c\u1ee7a b\u1ea1n\" required>\n\t\t\t\t\t\t<\/div>\n\t\t\t\t\t<\/div>\n\t\t\t\t<\/div>\n\n\t\t\t\t<!-- Customer Details Section -->\n\t\t\t\t<div class=\"input-group\">\n\t\t\t\t\t<!-- Customer Role -->\n\t\t\t\t\t<div class=\"input\">\n\t\t\t\t\t\t<label for=\"cwp-guarantee-role\">\n\t\t\t\t\t\t\tVai tr\u00f2 kh\u00e1ch h\u00e0ng*\t\t\t\t\t\t<\/label>\n\t\t\t\t\t\t<div class=\"input-field\">\n\t\t\t\t\t\t\t<select name=\"cwp_guarantee_role\" id=\"cwp-guarantee-role\" required>\n\t\t\t\t\t\t\t\t\t\t\t\t\t\t\t\t<option value=\"0\">\n\t\t\t\t\t\t\t\t\tCh\u1ecdn vai tr\u00f2\t\t\t\t\t\t\t\t<\/option>\n\t\t\t\t\t\t\t\t\t\t\t\t\t\t\t\t<option value=\"1\">\n\t\t\t\t\t\t\t\t\tCh\u1ee7 nh\u00e0\t\t\t\t\t\t\t\t<\/option>\n\t\t\t\t\t\t\t\t\t\t\t\t\t\t\t\t<option value=\"2\">\n\t\t\t\t\t\t\t\t\tNh\u00e0 th\u1ea7u\/\u0110\u01a1n v\u1ecb thi c\u00f4ng\t\t\t\t\t\t\t\t<\/option>\n\t\t\t\t\t\t\t\t\t\t\t\t\t\t\t\t<option value=\"3\">\n\t\t\t\t\t\t\t\t\t\u0110\u1ea1i l\u00fd\/\u0110\u1ed1i t\u00e1c ph\u00e2n ph\u1ed1i\t\t\t\t\t\t\t\t<\/option>\n\t\t\t\t\t\t\t\t\t\t\t\t\t\t\t<\/select>\n\t\t\t\t\t\t<\/div>\n\t\t\t\t\t<\/div>\n\n\t\t\t\t\t<!-- Product Type -->\n\t\t\t\t\t<div class=\"input\">\n\t\t\t\t\t\t<label for=\"cwp-guarantee-product-type\">\n\t\t\t\t\t\t\tLo\u1ea1i s\u1ea3n ph\u1ea9m*\t\t\t\t\t\t<\/label>\n\t\t\t\t\t\t<div class=\"input-field\">\n\t\t\t\t\t\t\t<select name=\"cwp_guarantee_product_type\" id=\"cwp-guarantee-product-type\" required>\n\t\t\t\t\t\t\t\t\t\t\t\t\t\t\t\t<option value=\"0\">\n\t\t\t\t\t\t\t\t\tCh\u1ecdn lo\u1ea1i s\u1ea3n ph\u1ea9m\t\t\t\t\t\t\t\t<\/option>\n\t\t\t\t\t\t\t\t\t\t\t\t\t\t\t\t<option value=\"1\">\n\t\t\t\t\t\t\t\t\tKeo Ch\u00edt M\u1ea1ch Kingsmen\t\t\t\t\t\t\t\t<\/option>\n\t\t\t\t\t\t\t\t\t\t\t\t\t\t\t<\/select>\n\t\t\t\t\t\t<\/div>\n\t\t\t\t\t<\/div>\n\t\t\t\t<\/div>\n\n\t\t\t\t<!-- Project Information Section -->\n\t\t\t\t<div class=\"input-group row-2-1\">\n\t\t\t\t\t<!-- Project Address -->\n\t\t\t\t\t<div class=\"input\">\n\t\t\t\t\t\t<label for=\"cwp-guarantee-dealer\">\n\t\t\t\t\t\t\tMua t\u1ea1i \u0111\u1ea1i l\u00fd*\t\t\t\t\t\t<\/label>\n\t\t\t\t\t\t<div class=\"input-field\">\n\t\t\t\t\t\t\t<input type=\"text\" name=\"cwp_guarantee_dealer\" id=\"cwp-guarantee-dealer\"\n\t\t\t\t\t\t\t\tplaceholder=\"Nh\u1eadp t\u00ean \u0111\u1ea1i l\u00fd\" required>\n\t\t\t\t\t\t<\/div>\n\t\t\t\t\t<\/div>\n\n\t\t\t\t\t<!-- Project Area -->\n\t\t\t\t\t<div class=\"input\">\n\t\t\t\t\t\t<label for=\"cwp-guarantee-area\">\n\t\t\t\t\t\t\tDi\u1ec7n t\u00edch s\u1eed d\u1ee5ng s\u1ea3n ph\u1ea9m*\t\t\t\t\t\t<\/label>\n\t\t\t\t\t\t<div class=\"input-field has-icon has-icon-right\">\n\t\t\t\t\t\t\t<input type=\"number\" id=\"cwp-guarantee-area\" name=\"cwp_guarantee_area\" min=\"0\"\n\t\t\t\t\t\t\t\tplaceholder=\"Nh\u1eadp di\u1ec7n t\u00edch\" required>\n\t\t\t\t\t\t\t<div class=\"input-field-icon\">\n\t\t\t\t\t\t\t\tm\u00b2\t\t\t\t\t\t\t<\/div>\n\t\t\t\t\t\t<\/div>\n\t\t\t\t\t<\/div>\n\t\t\t\t<\/div>\n\n\t\t\t\t<!-- Dealer Information Section -->\n\t\t\t\t<div class=\"input-group row-wide\">\n\t\t\t\t\t<div class=\"input\">\n\t\t\t\t\t\t<label for=\"cwp-guarantee-address\">\n\t\t\t\t\t\t\t\u0110\u1ecba ch\u1ec9 c\u00f4ng tr\u00ecnh*\t\t\t\t\t\t<\/label>\n\t\t\t\t\t\t<div class=\"input-field\">\n\t\t\t\t\t\t\t<input type=\"text\" id=\"cwp-guarantee-address\" name=\"cwp_guarantee_address\"\n\t\t\t\t\t\t\t\tplaceholder=\"Nh\u1eadp \u0111\u1ecba ch\u1ec9 c\u00f4ng tr\u00ecnh c\u1ee7a b\u1ea1n\" required>\n\t\t\t\t\t\t<\/div>\n\t\t\t\t\t<\/div>\n\t\t\t\t<\/div>\n\n\t\t\t\t<!-- File Upload Section -->\n\t\t\t\t<div class=\"input-group file-upload-group\">\n\t<!-- Unified Multi-File Upload -->\n\t<div class=\"upload-file upload-file--multiple\">\n\t\t<label for=\"cwp-guarantee-files\">\n\t\t\t\u0110\u00ednh k\u00e8m 2 \u1ea3nh c\u00f4ng tr\u00ecnh (th\u1ea5y s\u1ea3n ph\u1ea9m Kingsmen) v\u00e0 \u1ea3nh ho\u00e1 \u0111\u01a1n mua h\u00e0ng r\u00f5 n\u00e9t, \u0111\u1ea7y \u0111\u1ee7 th\u00f4ng tin*\t\t\t<span class=\"helper-text\" tabindex=\"0\"\n\t\t\t\tdata-helper-text=\"Cho ph\u00e9p t\u1ea3i l\u00ean 1-6 t\u1ec7p (JPG, PNG, PDF, HEIC). T\u1ed1i \u0111a 10MB\/t\u1ec7p.\">?<\/span>\n\t\t<\/label>\n\t\t<div class=\"input-field\">\n\t\t\t<button type=\"button\" class=\"upload-file-button\">\n\t\t\t\t\u0110\u00ednh k\u00e8m t\u1ec7p\t\t\t<\/button>\n\t\t\t<div class=\"upload-file-field hidden\">\n\t\t\t\t<input type=\"file\" name=\"cwp_guarantee_files[]\" id=\"cwp-guarantee-files\"\n\t\t\t\t\taccept=\"image\/jpeg,image\/png,application\/pdf,image\/heic\" multiple>\n\t\t\t<\/div>\n\t\t<\/div>\n\t\t\n\t\t<!-- Container for file previews -->\n\t\t<div class=\"upload-file-previews\" style=\"display: none;\">\n\t\t\t<!-- Previews will be inserted here via JS -->\n\t\t<\/div>\n\t\t\n\t\t<!-- Hidden inputs for existing attachments in edit mode -->\n\t\t<div class=\"existing-attachments-data\"><\/div>\n\t<\/div>\n<\/div>\n\n\t\t\t\t<!-- Terms Acceptance -->\n\t\t\t\t<div class=\"form-acceptance\">\n\t\t\t\t\t<label for=\"cwp-guarantee-acceptance\">\n\t\t\t\t\t\t<input type=\"checkbox\" id=\"cwp-guarantee-acceptance\" name=\"cwp_guarantee_acceptance\" required>\n\t\t\t\t\t\tT\u00f4i \u0111\u00e3 \u0111\u1ecdc v\u00e0 \u0111\u1ed3ng \u00fd v\u1edbi nh\u1eefng \u0111i\u1ec1u kho\u1ea3n t\u1ea1i <a href=\"#\" class=\"cwp-policy-link\" data-policy-modal>ch\u00ednh s\u00e1ch b\u1ea3o h\u00e0nh<\/a>\t\t\t\t\t<\/label>\n\t\t\t\t<\/div>\n\t\t\t<\/div>\n\n\t\t\t<!-- Progress Bar -->\n\t\t\t<div class=\"form-progress\">\n\t<span class=\"form-progress-text\">\n\t\tHo\u00e0n th\u00e0nh\t<\/span>\n\t<div class=\"form-progress-bar\">\n\t\t<div class=\"form-progress-bar-fill\" style=\"width: 0%;\"><\/div>\n\t<\/div>\n<\/div>\n\t\t\t<!-- Submit Button -->\n\t\t\t<div class=\"form-actions\">\n\t<button type=\"submit\" class=\"submit-button\">\n\t\t<img\n\t\t\tsrc=\"https:\/\/keokingsmen.com\/wp-content\/plugins\/cwp-kingsmen-guarantee-system\/assets\/images\/triple-arrows.svg\"\n\t\t\talt=\"Register Now\"\n\t\t\twidth=\"62\"\n\t\t\theight=\"29\"\n\t\t\tloading=\"lazy\"\n\t\t>\n\t\tRegister Now\t\t<img\n\t\t\tsrc=\"https:\/\/keokingsmen.com\/wp-content\/plugins\/cwp-kingsmen-guarantee-system\/assets\/images\/triple-arrows.svg\"\n\t\t\talt=\"Register Now\"\n\t\t\twidth=\"62\"\n\t\t\theight=\"29\"\n\t\t\tloading=\"lazy\"\n\t\t\tstyle=\"transform: rotate(180deg);\"\n\t\t>\n\t<\/button>\n<\/div>\n\t\t\t\t\t<input type=\"hidden\" name=\"trp-form-language\" value=\"en\"\/><\/form>\n\t<\/div>\n<\/div>\n\n\n<div class=\"cwp-modal cwp-modal--policy\">\n\t<div class=\"cwp-modal__overlay\"><\/div>\n\t<div class=\"cwp-modal__container\">\n\t\t<div class=\"cwp-modal__header\">\n\t\t\t<p class=\"cwp-modal__title\">Ch\u00ednh s\u00e1ch b\u1ea3o h\u00e0nh<\/p>\n\t\t<\/div>\n\t\t<div class=\"cwp-modal__body cwp-modal__body--scrollable\">\n\t\t\t<div class=\"cwp-modal__content\">\n\t\t\t\t<img loading=\"lazy\" decoding=\"async\" class=\"aligncenter size-full wp-image-3155\" src=\"https:\/\/keokingsmen.com\/wp-content\/uploads\/2025\/12\/Chon-bao-hanh-Kingsmen.jpg\" alt=\"\" width=\"1536\" height=\"1920\" title=\"\" srcset=\"https:\/\/keokingsmen.com\/wp-content\/uploads\/2025\/12\/Chon-bao-hanh-Kingsmen.jpg 1536w, https:\/\/keokingsmen.com\/wp-content\/uploads\/2025\/12\/Chon-bao-hanh-Kingsmen-240x300.jpg 240w, https:\/\/keokingsmen.com\/wp-content\/uploads\/2025\/12\/Chon-bao-hanh-Kingsmen-819x1024.jpg 819w, https:\/\/keokingsmen.com\/wp-content\/uploads\/2025\/12\/Chon-bao-hanh-Kingsmen-768x960.jpg 768w, https:\/\/keokingsmen.com\/wp-content\/uploads\/2025\/12\/Chon-bao-hanh-Kingsmen-1229x1536.jpg 1229w, https:\/\/keokingsmen.com\/wp-content\/uploads\/2025\/12\/Chon-bao-hanh-Kingsmen-10x12.jpg 10w\" sizes=\"auto, (max-width: 1536px) 100vw, 1536px\" \/>\r\n<h2><b>1. Ph\u1ea1m vi \u00e1p d\u1ee5ng<\/b><\/h2>\r\nCh\u00ednh s\u00e1ch n\u00e0y \u00e1p d\u1ee5ng cho t\u1ea5t c\u1ea3 s\u1ea3n ph\u1ea9m keo ch\u00edt m\u1ea1ch Kingsmen (bao g\u1ed3m d\u00f2ng g\u1ed1c Epoxy v\u00e0 Polyurea), \u0111\u01b0\u1ee3c ph\u00e2n ph\u1ed1i qua h\u1ec7 th\u1ed1ng \u0111\u1ea1i l\u00fd\/nh\u00e0 ph\u00e2n ph\u1ed1i ch\u00ednh th\u1ee9c.\r\n<h2><b>2. Th\u1eddi h\u1ea1n v\u00e0 ph\u1ea1m vi b\u1ea3o h\u00e0nh theo s\u1ea3n ph\u1ea9m<\/b><\/h2>\r\n<table class=\"aligncenter\" style=\"width: 100%;border-collapse: collapse;border-color: #ffffff\">\r\n<tbody>\r\n<tr>\r\n<th style=\"width: 12.4444%\"><span style=\"color: #ffffff\">Product Lines<\/span><\/th>\r\n<th style=\"width: 12%\"><span style=\"color: #ffffff\">G\u1ed1c v\u1eadt li\u1ec7u<\/span><\/th>\r\n<th style=\"width: 22.0741%\"><span style=\"color: #ffffff\">B\u1ea3o h\u00e0nh ch\u1ed1ng \u1ed1 v\u00e0ng\/b\u1ea1c m\u00e0u<\/span><\/th>\r\n<th style=\"width: 18.3704%\"><span style=\"color: #ffffff\">B\u1ea3o h\u00e0nh ch\u1ed1ng th\u1ea5m v\u1eadt li\u1ec7u<\/span><\/th>\r\n<th style=\"width: 35.1111%\"><span style=\"color: #ffffff\">\u1ee8ng d\u1ee5ng ch\u00ednh<\/span><\/th>\r\n<\/tr>\r\n<tr>\r\n<td style=\"width: 12.4444%\"><span dir=\"auto\" style=\"vertical-align: inherit\">G3000<\/span><\/td>\r\n<td style=\"width: 12%\"><span dir=\"auto\" style=\"vertical-align: inherit\">Epoxy<\/span><\/td>\r\n<td style=\"width: 22.0741%\">1 n\u0103m<\/td>\r\n<td style=\"width: 18.3704%\">30 n\u0103m<\/td>\r\n<td style=\"width: 35.1111%\">D\u00f2ng ti\u00eau chu\u1ea9n d\u00f9ng trong nh\u00e0<\/td>\r\n<\/tr>\r\n<tr>\r\n<td style=\"width: 12.4444%\"><span dir=\"auto\" style=\"vertical-align: inherit\">G5000<\/span><\/td>\r\n<td style=\"width: 12%\"><span dir=\"auto\" style=\"vertical-align: inherit\">Epoxy<\/span><\/td>\r\n<td style=\"width: 22.0741%\">3 n\u0103m<\/td>\r\n<td style=\"width: 18.3704%\"><span dir=\"auto\" style=\"vertical-align: inherit\">30 n\u0103m<\/span><\/td>\r\n<td style=\"width: 35.1111%\">D\u00f2ng cao c\u1ea5p d\u00f9ng trong nh\u00e0<\/td>\r\n<\/tr>\r\n<tr>\r\n<td style=\"width: 12.4444%\">Color Match<\/td>\r\n<td style=\"width: 12%\"><span dir=\"auto\" style=\"vertical-align: inherit\">Epoxy<\/span><\/td>\r\n<td style=\"width: 22.0741%\"><span dir=\"auto\" style=\"vertical-align: inherit\">3 n\u0103m<\/span><\/td>\r\n<td style=\"width: 18.3704%\"><span dir=\"auto\" style=\"vertical-align: inherit\">30 n\u0103m<\/span><\/td>\r\n<td style=\"width: 35.1111%\">D\u00f2ng cao c\u1ea5p d\u00f9ng trong nh\u00e0. C\u00f4ng ngh\u1ec7 pha \u0111\u1ed3ng m\u00e0u g\u1ea1ch<\/td>\r\n<\/tr>\r\n<tr>\r\n<td style=\"width: 12.4444%\"><span dir=\"auto\" style=\"vertical-align: inherit\">GS200<\/span><\/td>\r\n<td style=\"width: 12%\"><span dir=\"auto\" style=\"vertical-align: inherit\">Epoxy<\/span><\/td>\r\n<td style=\"width: 22.0741%\"><span dir=\"auto\" style=\"vertical-align: inherit\">3 n\u0103m<\/span><\/td>\r\n<td style=\"width: 18.3704%\"><span dir=\"auto\" style=\"vertical-align: inherit\">30 n\u0103m<\/span><\/td>\r\n<td style=\"width: 35.1111%\">D\u00f2ng chuy\u00ean d\u1ee5ng h\u1ed3 b\u01a1i, g\u1ea1ch mosaic. D\u00f9ng trong nh\u00e0 v\u00e0 ngo\u00e0i tr\u1eddi<\/td>\r\n<\/tr>\r\n<tr>\r\n<td style=\"width: 12.4444%\"><span dir=\"auto\" style=\"vertical-align: inherit\">G6000<\/span><\/td>\r\n<td style=\"width: 12%\"><span dir=\"auto\" style=\"vertical-align: inherit\">Polyurea<\/span><\/td>\r\n<td style=\"width: 22.0741%\">20 n\u0103m<\/td>\r\n<td style=\"width: 18.3704%\"><span dir=\"auto\" style=\"vertical-align: inherit\">30 n\u0103m<\/span><\/td>\r\n<td style=\"width: 35.1111%\">D\u00f2ng ch\u1ed1ng UV. D\u00f9ng trong nh\u00e0 v\u00e0 ngo\u00e0i tr\u1eddi<\/td>\r\n<\/tr>\r\n<tr>\r\n<td style=\"width: 12.4444%\"><span dir=\"auto\" style=\"vertical-align: inherit\">G7000<\/span><\/td>\r\n<td style=\"width: 12%\"><span dir=\"auto\" style=\"vertical-align: inherit\">Polyurea<\/span><\/td>\r\n<td style=\"width: 22.0741%\"><span dir=\"auto\" style=\"vertical-align: inherit\">30 n\u0103m<\/span><\/td>\r\n<td style=\"width: 18.3704%\"><span dir=\"auto\" style=\"vertical-align: inherit\">30 n\u0103m<\/span><\/td>\r\n<td style=\"width: 35.1111%\">D\u00f2ng ch\u1ed1ng UV Plus. D\u00f9ng trong nh\u00e0 v\u00e0 ngo\u00e0i tr\u1eddi.<\/td>\r\n<\/tr>\r\n<\/tbody>\r\n<\/table>\r\n<h2><b>3. <\/b><b>Ti\u00eau chu\u1ea9n x\u00e1c \u0111\u1ecbnh l\u1ed7i<\/b><\/h2>\r\n<p data-start=\"1250\" data-end=\"1386\"><strong data-start=\"1253\" data-end=\"1284\">a. X\u00e1c \u0111\u1ecbnh l\u1ed7i th\u1ea5m v\u1eadt li\u1ec7u:<\/strong> Khi c\u00f3 n\u01b0\u1edbc x\u00e2m nh\u1eadp v\u00e0o trong v\u1eadt li\u1ec7u l\u00e0m cho b\u1ec1 m\u1eb7t ron c\u00f3 hi\u1ec7n t\u01b0\u1ee3ng \u1ed1 b\u1ea9n v\u00e0 kh\u00f4ng th\u1ec3 lau s\u1ea1ch.<\/p>\r\n<p data-start=\"1388\" data-end=\"1810\"><strong>b. Hai b\u01b0\u1edbc x\u00e1c \u0111\u1ecbnh l\u1ed7i \u1ed1 v\u00e0ng v\u00e0 b\u1ea1c m\u00e0u:<\/strong><br data-start=\"1435\" data-end=\"1438\" \/><em data-start=\"1438\" data-end=\"1447\">B\u01b0\u1edbc 1:<\/em> Quan s\u00e1t b\u1eb1ng m\u1eaft th\u01b0\u1eddng: m\u00e0u ron b\u1ecb ng\u1ea3 v\u00e0ng, b\u1ea1c m\u00e0u r\u00f5 r\u1ec7t tr\u00ean di\u1ec7n l\u1edbn. (L\u01b0u \u00fd: N\u1ebfu m\u00e0u ch\u1ec9 b\u1ecb c\u0169 \u0111i th\u00ec \u0111\u01b0\u1ee3c hi\u1ec3u l\u00e0 trong ph\u1ea1m vi b\u00ecnh th\u01b0\u1eddng, h\u1ee3p l\u00fd.)<br data-start=\"1606\" data-end=\"1609\" \/><em data-start=\"1609\" data-end=\"1618\">B\u01b0\u1edbc 2:<\/em> \u0110o b\u1eb1ng m\u00e1y m\u00e0u: khi ch\u1ec9 s\u1ed1 \u2206E &gt; 4 so v\u1edbi m\u00e0u g\u1ed1c th\u00ec x\u00e1c \u0111\u1ecbnh l\u1ed7i \u1ed1 v\u00e0ng ho\u1eb7c b\u1ea1c m\u00e0u. (\u2206E l\u00e0 ch\u1ec9 s\u1ed1 ch\u00eanh l\u1ec7ch m\u00e0u, khi v\u01b0\u1ee3t qu\u00e1 4 th\u00ec m\u1eaft ng\u01b0\u1eddi c\u00f3 th\u1ec3 d\u1ec5 d\u00e0ng nh\u1eadn ra s\u1ef1 thay \u0111\u1ed5i m\u00e0u s\u1eafc.)<\/p>\r\n\r\n<h2><b>4. C\u00e1c tr\u01b0\u1eddng h\u1ee3p kh\u00f4ng \u0111\u01b0\u1ee3c b\u1ea3o h\u00e0nh<\/b><\/h2>\r\n<p data-start=\"1855\" data-end=\"2206\"><strong>a. M\u00f4i tr\u01b0\u1eddng kh\u00f4ng ph\u00f9 h\u1ee3p:<\/strong> Trong c\u00e1c khu v\u1ef1c c\u00f3 nhi\u1ec7t \u0111\u1ed9 cao, ng\u00e2m n\u01b0\u1edbc li\u00ean t\u1ee5c (\u0111\u1ed1i v\u1edbi d\u00f2ng kh\u00f4ng chuy\u00ean d\u1ee5ng h\u1ed3 b\u01a1i), n\u01a1i c\u00f3 \u00e1nh n\u1eafng tr\u1ef1c ti\u1ebfp nh\u01b0 ban c\u00f4ng v\u00e0 khu v\u1ef1c g\u1ea7n c\u1eeda (\u0111\u1ed1i v\u1edbi s\u1ea3n ph\u1ea9m d\u00f9ng trong nh\u00e0) ho\u1eb7c n\u01a1i c\u00f3 axit m\u1ea1nh, ki\u1ec1m m\u1ea1nh, ch\u1ea5t \u0103n m\u00f2n n\u1ebfu x\u1ea3y ra hi\u1ec7n t\u01b0\u1ee3ng l\u00e3o h\u00f3a, \u0111\u1ed5i m\u00e0u, h\u01b0 h\u1ea1i, th\u00ec kh\u00f4ng n\u1eb1m trong ph\u1ea1m vi b\u1ea3o h\u00e0nh.<\/p>\r\n<p data-start=\"2208\" data-end=\"2427\"><strong>b. Thi c\u00f4ng sai c\u00e1ch:<\/strong> K\u00edch th\u01b0\u1edbc \u0111\u01b0\u1eddng keo kh\u00f4ng \u0111\u1ea3m b\u1ea3o ti\u00eau chu\u1ea9n t\u1ed1i thi\u1ec3u (s\u00e2u 5mm v\u00e0 r\u1ed9ng 2mm); Khi thi c\u00f4ng keo tr\u1ed9n kh\u00f4ng \u0111\u1ec1u, v\u1ec7 sinh kh\u00f4ng s\u1ea1ch, khe ron c\u00f2n \u0111\u1ed9 \u1ea9m cao, ho\u1eb7c c\u00e1c tr\u01b0\u1eddng h\u1ee3p thi c\u00f4ng sai c\u00e1ch.<\/p>\r\n<p data-start=\"2429\" data-end=\"2536\"><strong>c. B\u1ea3o d\u01b0\u1ee1ng sai c\u00e1ch:<\/strong> Trong v\u00f2ng 24h sau thi c\u00f4ng ti\u1ebfp x\u00fac v\u1edbi n\u01b0\u1edbc, ch\u1ea5t t\u1ea9y r\u1eeda, ho\u1eb7c h\u00f3a ch\u1ea5t m\u1ea1nh.<\/p>\r\n<p data-start=\"2538\" data-end=\"2656\"><strong>d. T\u00e1c \u0111\u1ed9ng ngo\u1ea1i l\u1ef1c:<\/strong> Va \u0111\u1eadp, c\u00e0o x\u01b0\u1edbc, ch\u00e8n \u00e9p, k\u00e9o l\u00ea, l\u1edbp n\u1ec1n kh\u00f4ng \u1ed5n \u0111\u1ecbnh (rung \u0111\u1ed9ng, s\u1ee5p l\u00fan, t\u00e1ch l\u1edbp,...)<\/p>\r\n<p data-start=\"2658\" data-end=\"2756\"><strong>e. T\u1ef1 \u00fd thay \u0111\u1ed5i s\u1ea3n ph\u1ea9m:<\/strong> Pha th\u00eam ph\u1ee5 gia, tr\u1ed9n v\u1edbi v\u1eadt li\u1ec7u kh\u00e1c, ho\u1eb7c x\u1eed l\u00fd sai quy tr\u00ecnh.<\/p>\r\n<p data-start=\"2658\" data-end=\"2756\"><strong>f. Sai l\u1ec7ch th\u1ef1c t\u1ebf:<\/strong> Di\u1ec7n t\u00edch s\u1eed d\u1ee5ng keo to\u00e0n c\u00f4ng tr\u00ecnh nhi\u1ec1u h\u01a1n \u0111\u1ecbnh l\u01b0\u1ee3ng \u0111\u01a1n h\u00e0ng \u0111\u00e3 mua (c\u00f4ng tr\u00ecnh d\u00f9ng nhi\u1ec1u th\u01b0\u01a1ng hi\u1ec7u keo v\u00e0 kh\u00f4ng th\u1ec3 x\u00e1c th\u1ef1c v\u1ecb tr\u00ed y\u00eau c\u1ea7u b\u1ea3o h\u00e0nh \u0111\u00e3 d\u00f9ng s\u1ea3n ph\u1ea9m ch\u00ednh h\u00e3ng Kingsmen).<\/p>\r\n<p data-start=\"2658\" data-end=\"2756\"><strong>g.<\/strong> Th\u00f4ng tin \u0111\u0103ng k\u00fd b\u1ea3o h\u00e0nh ch\u01b0a \u0111\u00fang ho\u1eb7c ch\u01b0a \u0111\u1ea7y \u0111\u1ee7.<\/p>\r\n\r\n<h2><b>5. Quy tr\u00ecnh b\u1ea3o h\u00e0nh<\/b><\/h2>\r\n\u2794 Kh\u00e1ch h\u00e0ng c\u1ea7n gi\u1eef l\u1ea1i h\u00f3a \u0111\u01a1n mua h\u00e0ng, h\u00ecnh \u1ea3nh ch\u1ee5p s\u1ea3n ph\u1ea9m t\u1ea1i c\u00f4ng tr\u00ecnh, h\u00ecnh thi c\u00f4ng ho\u00e0n thi\u1ec7n v\u00e0\/ho\u1eb7c k\u00edch ho\u1ea1t b\u1ea3o h\u00e0nh s\u1ea3n ph\u1ea9m h\u1ee3p l\u1ec7.<br data-start=\"3223\" data-end=\"3226\" \/>\u2794 Khi ph\u00e1t sinh s\u1ef1 c\u1ed1, kh\u00e1ch h\u00e0ng li\u00ean h\u1ec7 \u0111\u1ea1i l\u00fd\/nh\u00e0 ph\u00e2n ph\u1ed1i n\u01a1i mua h\u00e0ng \u0111\u1ec3 \u0111\u01b0\u1ee3c ki\u1ec3m tra.<br data-start=\"3319\" data-end=\"3322\" \/>\u2794 N\u1ebfu kh\u00f4ng li\u00ean h\u1ec7 \u0111\u01b0\u1ee3c \u0111\u1ea1i l\u00fd, kh\u00e1ch h\u00e0ng g\u1ecdi tr\u1ef1c ti\u1ebfp hotline b\u1ea3o h\u00e0nh Kingsmen.<br data-start=\"3406\" data-end=\"3409\" \/>\u2794 Kingsmen ho\u1eb7c \u0111\u1ea1i l\u00fd \u1ee7y quy\u1ec1n s\u1ebd ti\u1ebfn h\u00e0nh ki\u1ec3m tra trong v\u00f2ng 3 ng\u00e0y l\u00e0m vi\u1ec7c.<br data-start=\"3490\" data-end=\"3493\" \/>\u2794 Tr\u01b0\u1eddng h\u1ee3p x\u00e1c \u0111\u1ecbnh thu\u1ed9c ph\u1ea1m vi b\u1ea3o h\u00e0nh th\u00ec Kingsmen cung c\u1ea5p mi\u1ec5n ph\u00ed 100% v\u1eadt t\u01b0 keo m\u1edbi khi thi c\u00f4ng l\u1ea1i.<br data-start=\"3606\" data-end=\"3609\" \/>\u2794 Kingsmen kh\u00f4ng ch\u1ecbu tr\u00e1ch nhi\u1ec7m cho c\u00e1c chi ph\u00ed ph\u00e1t sinh kh\u00e1c ngo\u00e0i ph\u1ea1m vi chi ph\u00ed v\u1eadt li\u1ec7u x\u1eed l\u00fd s\u1ef1 c\u1ed1 b\u1ea3o h\u00e0nh.\r\n<h2><b>6. Cam k\u1ebft Kingsmen Vi\u1ec7t Nam<\/b><\/h2>\r\n<b><\/b>Kingsmen cam k\u1ebft cung c\u1ea5p s\u1ea3n ph\u1ea9m ch\u00ednh h\u00e3ng, ch\u1ea5t l\u01b0\u1ee3ng cao, v\u1edbi ch\u00ednh s\u00e1ch b\u1ea3o h\u00e0nh minh b\u1ea1ch, gi\u00fap kh\u00e1ch h\u00e0ng an t\u00e2m s\u1eed d\u1ee5ng l\u00e2u d\u00e0i.\t\t\t<\/div>\n\t\t<\/div>\n\t<\/div>\n\t<button type=\"button\" class=\"cwp-modal__close\" aria-label=\"\u0110\u00f3ng\">\n\t\t<span class=\"cwp-modal__close-icon\">\n\t\t\t<svg width=\"24\" height=\"24\" viewbox=\"0 0 24 24\" fill=\"none\" xmlns=\"http:\/\/www.w3.org\/2000\/svg\">\n\t\t\t\t<path d=\"M19 5L5 19\" stroke=\"white\" stroke-width=\"2\" stroke-linecap=\"round\" stroke-linejoin=\"round\" \/>\n\t\t\t\t<path d=\"M5 5L19 19\" stroke=\"white\" stroke-width=\"2\" stroke-linecap=\"round\" stroke-linejoin=\"round\" \/>\n\t\t\t<\/svg>\n\t\t<\/span>\n\t<\/button>\n<\/div>\n\n<div class=\"cwp-modal cwp-modal--success\">\n\t<div class=\"cwp-modal__overlay\"><\/div>\n\t<div class=\"cwp-modal__container\">\n\t\t<div class=\"cwp-modal__header\">\n\t\t\t<p class=\"cwp-modal__title\" data-modal-title>\u0110\u00e3 g\u1eedi th\u00f4ng tin<\/p>\n\t\t\t<p class=\"cwp-modal__title2\" data-modal-title2>\u0110\u0103ng k\u00fd b\u1ea3o h\u00e0nh<\/p>\n\t\t<\/div>\n\t\t<div class=\"cwp-modal__body\">\n\t\t\t<p class=\"cwp-modal__message\" data-modal-message>\n\t\t\t\tC\u1ea3m \u01a1n Qu\u00fd kh\u00e1ch \u0111\u00e3 tin t\u01b0\u1edfng s\u1eed d\u1ee5ng s\u1ea3n ph\u1ea9m Kingsmen. Th\u00f4ng tin \u0111\u0103ng k\u00fd b\u1ea3o h\u00e0nh \u0111\u00e3 \u0111\u01b0\u1ee3c g\u1eedi \u0111i v\u00e0 s\u1ebd \u0111\u01b0\u1ee3c x\u00e1c nh\u1eadn trong v\u00f2ng <strong>1 \u0111\u1ebfn 3 ng\u00e0y<\/strong> l\u00e0m vi\u1ec7c.\t\t\t<\/p>\n\t\t\t<p class=\"cwp-modal__message2\" data-modal-message2>\n\t\t\t\tVui l\u00f2ng quan t\u00e2m <strong>Zalo Official Kingsmen<\/strong> \u0111\u1ec3 nh\u1eadn th\u00f4ng tin b\u1ea3o h\u00e0nh \u0111i\u1ec7n t\u1eed\t\t\t<\/p>\n\t\t<\/div>\n\t\t<div class=\"cwp-modal__footer\">\n\t\t\t<a href=\"https:\/\/zalo.me\/0906888888\" class=\"cwp-modal__btn-zalo\" target=\"_blank\" rel=\"noopener\">QUAN T\u00c2M ZALO OA NGAY<\/a>\n\t\t<\/div>\n\t<\/div>\n\t<button type=\"button\" class=\"cwp-modal__close\" aria-label=\"\u0110\u00f3ng\">\n\t\t<span class=\"cwp-modal__close-icon\">\n\t\t\t<svg width=\"24\" height=\"24\" viewbox=\"0 0 24 24\" fill=\"none\" xmlns=\"http:\/\/www.w3.org\/2000\/svg\">\n\t\t\t\t<path d=\"M19 5L5 19\" stroke=\"white\" stroke-width=\"2\" stroke-linecap=\"round\" stroke-linejoin=\"round\" \/>\n\t\t\t\t<path d=\"M5 5L19 19\" stroke=\"white\" stroke-width=\"2\" stroke-linecap=\"round\" stroke-linejoin=\"round\" \/>\n\t\t\t<\/svg>\n\t\t<\/span>\n\t<\/button>\n<\/div><div class=\"cwp-modal cwp-modal--error\">\n\t<div class=\"cwp-modal__overlay\"><\/div>\n\t<div class=\"cwp-modal__container\">\n\t\t<div class=\"cwp-modal__header\">\n\t\t\t<div class=\"cwp-modal__icon\">\n\t\t\t\t<svg width=\"48\" height=\"48\" viewbox=\"0 0 24 24\" fill=\"none\" xmlns=\"http:\/\/www.w3.org\/2000\/svg\">\n\t\t\t\t\t<circle cx=\"12\" cy=\"12\" r=\"10\" stroke=\"currentColor\" stroke-width=\"2\"\/>\n\t\t\t\t\t<path d=\"M12 8V12\" stroke=\"currentColor\" stroke-width=\"2\" stroke-linecap=\"round\"\/>\n\t\t\t\t\t<circle cx=\"12\" cy=\"16\" r=\"1\" fill=\"currentColor\"\/>\n\t\t\t\t<\/svg>\n\t\t\t<\/div>\n\t\t\t<p class=\"cwp-modal__title\" data-modal-title>C\u00f3 l\u1ed7i x\u1ea3y ra<\/p>\n\t\t<\/div>\n\t\t<div class=\"cwp-modal__body\">\n\t\t\t<p class=\"cwp-modal__message\" data-modal-message>\n\t\t\t\tKh\u00f4ng th\u1ec3 g\u1eedi form \u0111\u0103ng k\u00fd b\u1ea3o h\u00e0nh. Vui l\u00f2ng ki\u1ec3m tra l\u1ea1i th\u00f4ng tin v\u00e0 th\u1eed l\u1ea1i.\t\t\t<\/p>\n\t\t\t<p class=\"cwp-modal__message2\" data-modal-message2>\n\t\t\t\tN\u1ebfu v\u1ea5n \u0111\u1ec1 v\u1eabn ti\u1ebfp t\u1ee5c, vui l\u00f2ng li\u00ean h\u1ec7 v\u1edbi ch\u00fang t\u00f4i \u0111\u1ec3 \u0111\u01b0\u1ee3c h\u1ed7 tr\u1ee3.\t\t\t<\/p>\n\t\t<\/div>\n\t\t<button type=\"button\" class=\"cwp-modal__close\" aria-label=\"\u0110\u00f3ng\">\n\t\t\t<span class=\"cwp-modal__close-icon\">\n\t\t\t\t<svg width=\"24\" height=\"24\" viewbox=\"0 0 24 24\" fill=\"none\" xmlns=\"http:\/\/www.w3.org\/2000\/svg\">\n\t\t\t\t\t<path d=\"M19 5L5 19\" stroke=\"white\" stroke-width=\"2\" stroke-linecap=\"round\" stroke-linejoin=\"round\"\/>\n\t\t\t\t\t<path d=\"M5 5L19 19\" stroke=\"white\" stroke-width=\"2\" stroke-linecap=\"round\" stroke-linejoin=\"round\"\/>\n\t\t\t\t<\/svg>\n\t\t\t<\/span>\n\t\t<\/button>\n\t<\/div>\n<\/div>","protected":false},"excerpt":{"rendered":"","protected":false},"author":1,"featured_media":3156,"parent":0,"menu_order":0,"comment_status":"closed","ping_status":"closed","template":"page-bao-hanh.php","meta":{"_acf_changed":false,"inline_featured_image":false,"_kad_post_transparent":"default","_kad_post_title":"default","_kad_post_layout":"default","_kad_post_sidebar_id":"","_kad_post_content_style":"default","_kad_post_vertical_padding":"default","_kad_post_feature":"","_kad_post_feature_position":"","_kad_post_header":false,"_kad_post_footer":false,"_kad_post_classname":"","footnotes":""},"class_list":["post-3111","page","type-page","status-publish","has-post-thumbnail","hentry"],"acf":[],"_links":{"self":[{"href":"https:\/\/keokingsmen.com\/en\/wp-json\/wp\/v2\/pages\/3111","targetHints":{"allow":["GET"]}}],"collection":[{"href":"https:\/\/keokingsmen.com\/en\/wp-json\/wp\/v2\/pages"}],"about":[{"href":"https:\/\/keokingsmen.com\/en\/wp-json\/wp\/v2\/types\/page"}],"author":[{"embeddable":true,"href":"https:\/\/keokingsmen.com\/en\/wp-json\/wp\/v2\/users\/1"}],"replies":[{"embeddable":true,"href":"https:\/\/keokingsmen.com\/en\/wp-json\/wp\/v2\/comments?post=3111"}],"version-history":[{"count":1,"href":"https:\/\/keokingsmen.com\/en\/wp-json\/wp\/v2\/pages\/3111\/revisions"}],"predecessor-version":[{"id":3112,"href":"https:\/\/keokingsmen.com\/en\/wp-json\/wp\/v2\/pages\/3111\/revisions\/3112"}],"wp:featuredmedia":[{"embeddable":true,"href":"https:\/\/keokingsmen.com\/en\/wp-json\/wp\/v2\/media\/3156"}],"wp:attachment":[{"href":"https:\/\/keokingsmen.com\/en\/wp-json\/wp\/v2\/media?parent=3111"}],"curies":[{"name":"wp","href":"https:\/\/api.w.org\/{rel}","templated":true}]}}