{"id":80,"date":"2024-05-02T04:14:44","date_gmt":"2024-05-02T04:14:44","guid":{"rendered":"https:\/\/keokingsmen.com\/?page_id=80"},"modified":"2025-10-13T14:28:29","modified_gmt":"2025-10-13T14:28:29","slug":"gioi-thieu","status":"publish","type":"page","link":"https:\/\/keokingsmen.com\/en\/gioi-thieu\/","title":{"rendered":"About Kingsmen"},"content":{"rendered":"<p><strong data-start=\"304\" data-end=\"372\">CH\u00daNG T\u00d4I PH\u00c1T TRI\u1ec2N C\u00c1C D\u00d2NG KEO CHUY\u00caN D\u1ee4NG CHO NG\u00c0NH X\u00c2Y D\u1ef0NG<\/strong><\/p>\n<p>Xu\u1ea5t ph\u00e1t t\u1eeb th\u1ef1c t\u1ebf c\u00e1c c\u00f4ng tr\u00ecnh sau th\u1eddi gian s\u1eed d\u1ee5ng th\u01b0\u1eddng b\u1ecb \u1ed1 b\u1ea9n, ron xu\u1ed1ng m\u00e0u v\u00e0 m\u1ea5t th\u1ea9m m\u1ef9, <strong data-start=\"480\" data-end=\"492\">Kingsmen<\/strong> \u2013 <strong>Keo Ch\u00edt M\u1ea1ch Chuy\u00ean D\u1ee5ng S\u1ed1 1 Vi\u1ec7t Nam, th\u01b0\u01a1ng hi\u1ec7u \u0111\u1ebfn t\u1eeb\u00a0M\u1ef9<\/strong>, \u0111\u01b0\u1ee3c ph\u00e1t tri\u1ec3n d\u00e0nh ri\u00eang cho \u0111i\u1ec1u ki\u1ec7n thi c\u00f4ng t\u1ea1i Vi\u1ec7t Nam v\u00e0 c\u00e1c n\u01b0\u1edbc nhi\u1ec7t \u0111\u1edbi mang \u0111\u1ebfn <strong data-start=\"659\" data-end=\"704\">gi\u1ea3i ph\u00e1p ron g\u1ea1ch b\u1ec1n \u0111\u1eb9p l\u00ean \u0111\u1ebfn 30 n\u0103m<\/strong>, \u0111\u1ea3m b\u1ea3o c\u1ea3 y\u1ebfu t\u1ed1 th\u1ea9m m\u1ef9 v\u00e0 \u0111\u1ed9 b\u1ec1n cho m\u1ecdi c\u00f4ng tr\u00ecnh.<\/p>\n<p><img loading=\"lazy\" decoding=\"async\" class=\"aligncenter wp-image-1796 size-full\" src=\"https:\/\/keokingsmen.com\/wp-content\/uploads\/2024\/10\/Gioi-thieu-Keo-Kingsmen.jpg\" alt=\"Gi\u1edbi thi\u1ec7u\" width=\"1000\" height=\"642\" title=\"\" srcset=\"https:\/\/keokingsmen.com\/wp-content\/uploads\/2024\/10\/Gioi-thieu-Keo-Kingsmen.jpg 1000w, https:\/\/keokingsmen.com\/wp-content\/uploads\/2024\/10\/Gioi-thieu-Keo-Kingsmen-300x193.jpg 300w, https:\/\/keokingsmen.com\/wp-content\/uploads\/2024\/10\/Gioi-thieu-Keo-Kingsmen-768x493.jpg 768w, https:\/\/keokingsmen.com\/wp-content\/uploads\/2024\/10\/Gioi-thieu-Keo-Kingsmen-18x12.jpg 18w\" sizes=\"auto, (max-width: 1000px) 100vw, 1000px\" \/><\/p>\n<p>C\u00f4ng ngh\u1ec7 \u0111\u1ed5i m\u1edbi v\u01b0\u1ee3t tr\u1ed9i t\u1eeb \u201cv\u1eadt li\u1ec7u th\u00e2n thi\u1ec7n v\u1edbi m\u00f4i tr\u01b0\u1eddng\u201d \u0111\u00e1p \u1ee9ng ti\u00eau chu\u1ea9n b\u1ea3o v\u1ec7 m\u00f4i tr\u01b0\u1eddng c\u1ee7a \u0110\u1ee9c, ti\u00eau chu\u1ea9n m\u00f4i tr\u01b0\u1eddng kh\u00f4ng kh\u00ed trong nh\u00e0 A+ c\u1ee7a Ph\u00e1p.<\/p>\n<p><img loading=\"lazy\" decoding=\"async\" class=\"aligncenter wp-image-2086 size-full\" src=\"https:\/\/keokingsmen.com\/wp-content\/uploads\/2024\/10\/nha-may-1-2.jpg\" alt=\"Nh\u00e0 m\u00e1y\" width=\"800\" height=\"534\" title=\"\" srcset=\"https:\/\/keokingsmen.com\/wp-content\/uploads\/2024\/10\/nha-may-1-2.jpg 800w, https:\/\/keokingsmen.com\/wp-content\/uploads\/2024\/10\/nha-may-1-2-300x200.jpg 300w, https:\/\/keokingsmen.com\/wp-content\/uploads\/2024\/10\/nha-may-1-2-768x513.jpg 768w, https:\/\/keokingsmen.com\/wp-content\/uploads\/2024\/10\/nha-may-1-2-18x12.jpg 18w\" sizes=\"auto, (max-width: 800px) 100vw, 800px\" \/><\/p>","protected":false},"excerpt":{"rendered":"<p>CH\u00daNG T\u00d4I PH\u00c1T TRI\u1ec2N C\u00c1C D\u00d2NG KEO CHUY\u00caN D\u1ee4NG CHO NG\u00c0NH X\u00c2Y D\u1ef0NG Xu\u1ea5t ph\u00e1t t\u1eeb th\u1ef1c t\u1ebf c\u00e1c c\u00f4ng tr\u00ecnh sau th\u1eddi gian s\u1eed d\u1ee5ng th\u01b0\u1eddng b\u1ecb \u1ed1 b\u1ea9n, ron xu\u1ed1ng m\u00e0u v\u00e0 m\u1ea5t th\u1ea9m m\u1ef9, Kingsmen \u2013 Keo Ch\u00edt M\u1ea1ch Chuy\u00ean D\u1ee5ng S\u1ed1 1 Vi\u1ec7t Nam, th\u01b0\u01a1ng hi\u1ec7u \u0111\u1ebfn t\u1eeb\u00a0M\u1ef9, \u0111\u01b0\u1ee3c ph\u00e1t tri\u1ec3n&#8230;<\/p>","protected":false},"author":1,"featured_media":751,"parent":0,"menu_order":0,"comment_status":"closed","ping_status":"closed","template":"template-parts\/page-about.php","meta":{"_acf_changed":false,"inline_featured_image":false,"_kad_post_transparent":"default","_kad_post_title":"default","_kad_post_layout":"default","_kad_post_sidebar_id":"","_kad_post_content_style":"default","_kad_post_vertical_padding":"default","_kad_post_feature":"","_kad_post_feature_position":"","_kad_post_header":false,"_kad_post_footer":false,"_kad_post_classname":"","footnotes":""},"class_list":["post-80","page","type-page","status-publish","has-post-thumbnail","hentry"],"acf":[],"_links":{"self":[{"href":"https:\/\/keokingsmen.com\/en\/wp-json\/wp\/v2\/pages\/80","targetHints":{"allow":["GET"]}}],"collection":[{"href":"https:\/\/keokingsmen.com\/en\/wp-json\/wp\/v2\/pages"}],"about":[{"href":"https:\/\/keokingsmen.com\/en\/wp-json\/wp\/v2\/types\/page"}],"author":[{"embeddable":true,"href":"https:\/\/keokingsmen.com\/en\/wp-json\/wp\/v2\/users\/1"}],"replies":[{"embeddable":true,"href":"https:\/\/keokingsmen.com\/en\/wp-json\/wp\/v2\/comments?post=80"}],"version-history":[{"count":41,"href":"https:\/\/keokingsmen.com\/en\/wp-json\/wp\/v2\/pages\/80\/revisions"}],"predecessor-version":[{"id":3070,"href":"https:\/\/keokingsmen.com\/en\/wp-json\/wp\/v2\/pages\/80\/revisions\/3070"}],"wp:featuredmedia":[{"embeddable":true,"href":"https:\/\/keokingsmen.com\/en\/wp-json\/wp\/v2\/media\/751"}],"wp:attachment":[{"href":"https:\/\/keokingsmen.com\/en\/wp-json\/wp\/v2\/media?parent=80"}],"curies":[{"name":"wp","href":"https:\/\/api.w.org\/{rel}","templated":true}]}}